{"id":219,"date":"2022-10-07T00:28:43","date_gmt":"2022-10-06T22:28:43","guid":{"rendered":"https:\/\/podential.de\/news\/?page_id=219"},"modified":"2024-02-15T00:57:32","modified_gmt":"2024-02-14T23:57:32","slug":"podcastuebersicht","status":"publish","type":"page","link":"https:\/\/podential.de\/news\/podcastuebersicht\/","title":{"rendered":"Podcast\u00fcbersicht"},"content":{"rendered":"<h3>Die \u00dcbersicht meiner Podcastprojekte:<\/h3>\n<p>&nbsp;<\/p>\n<hr \/>\n<p><img loading=\"lazy\" decoding=\"async\" class=\"size-full wp-image-12486 alignleft\" src=\"https:\/\/podential.de\/agn\/wp-content\/uploads\/sites\/3\/2021\/11\/Logo_agn.jpg\" alt=\"\" width=\"250\" height=\"251\" \/>Titel: <em><span style=\"color: #ff9800;\">agenda nocte<\/span><\/em><\/p>\n<p>Inhalt: Hintergrundinformationen zu aktuellen Themen, vorrangig aus Wirtschaft und Politik.<\/p>\n<p>Status: <span style=\"color: green;\">Aktiv<\/span><\/p>\n<p>Link zu den Episoden: <a href=\"https:\/\/podential.de\/agn\/\"><span style=\"color: blue;\">HIER<\/span><\/a><\/p>\n<p>&nbsp;<\/p>\n<hr \/>\n<p><img loading=\"lazy\" decoding=\"async\" class=\"size-full wp-image-12486 alignleft\" src=\"https:\/\/podential.de\/pdl\/wp-content\/uploads\/sites\/7\/2023\/01\/podential-Logo.webp\" alt=\"\" width=\"250\" height=\"251\" \/>Titel: <em><span style=\"color: #ff9800;\">podential<\/span><\/em><\/p>\n<p>Inhalt: Der Podcast f\u00fcr Podcaster. Her gets es um alles, was mit der Podcasterei zu tun hat.<\/p>\n<p>Status: <span style=\"color: green;\">Aktiv<\/span><\/p>\n<p>Link zu den Episoden: <a href=\"https:\/\/podential.de\/pdl\/\"><span style=\"color: blue;\">HIER<\/span><\/a><\/p>\n<p>&nbsp;<\/p>\n<hr \/>\n<p><img loading=\"lazy\" decoding=\"async\" class=\"size-full wp-image-12486 alignleft\" src=\"https:\/\/podential.de\/tep\/wp-content\/uploads\/sites\/8\/2023\/12\/TechPod_Logo_300.webp\" alt=\"\" width=\"250\" height=\"251\" \/>Titel: <em><span style=\"color: #ff9800;\">TechPod<\/span><\/em><\/p>\n<p>Inhalt: Alles, was uns im Alltag vor die F\u00fc\u00dfe f\u00e4llt oder kurz gesagt: Technik, Technik und nochmals Technik.<\/p>\n<p>Status: <span style=\"color: green;\">Aktiv<\/span><\/p>\n<p>Link zu den Episoden: <a href=\"https:\/\/podential.de\/tep\/\"><span style=\"color: blue;\">HIER<\/span><\/a><\/p>\n<p>&nbsp;<\/p>\n<hr \/>\n<p><img loading=\"lazy\" decoding=\"async\" class=\"size-full wp-image-12491 alignleft\" src=\"https:\/\/podential.de\/wp-content\/uploads\/2021\/11\/WPVLogo.jpg\" alt=\"\" width=\"254\" height=\"255\" \/>Titel: <em><span style=\"color: #ff9800;\">WPVision.de Podcast<\/span><\/em><\/p>\n<p>Inhalt: Technikgeplauder mit dem Schwerpunkt Microsoft.<\/p>\n<p>Status: <span style=\"color: green;\">Aktiv<\/span><\/p>\n<p>Link zu den Episoden: <a href=\"https:\/\/podential.de\/wpv\/\"><span style=\"color: blue;\">HIER<\/span><\/a><\/p>\n<p>&nbsp;<\/p>\n<hr \/>\n<p><img loading=\"lazy\" decoding=\"async\" class=\"size-full wp-image-12492 alignleft\" src=\"https:\/\/podential.de\/wp-content\/uploads\/2021\/11\/Logo_aoc.jpg\" alt=\"\" width=\"250\" height=\"250\" \/>Titel: <em><span style=\"color: #ff9800;\">Alles ohne Corona<\/span><\/em><\/p>\n<p>Inhalt: Alltagsthemen, die wegen Corona ansonsten viel zu kurz gekommen w\u00e4ren.<\/p>\n<p>Status: <span style=\"color: red;\">Abgeschlossen<\/span><\/p>\n<p>Link zu den Episoden: <a href=\"https:\/\/podential.de\/aoc\/\"><span style=\"color: blue;\">HIER<\/span><\/a><\/p>\n<p>&nbsp;<\/p>\n<hr \/>\n<p><img loading=\"lazy\" decoding=\"async\" class=\"size-full wp-image-12493 alignleft\" src=\"https:\/\/podential.de\/wp-content\/uploads\/2021\/11\/Logo_ebc.jpg\" alt=\"\" width=\"250\" height=\"250\" \/> Titel: <em><span style=\"color: #ff9800;\">Eine Brise Chaos<\/span><\/em><\/p>\n<p>Inhalt: Der Versuch interessante Tehmen unters Volk zu bringen.<\/p>\n<p>Status: <span style=\"color: red;\">Abgeschlossen<\/span><\/p>\n<p>Link zu den Episoden:<\/p>\n<p>&nbsp;<\/p>\n<hr \/>\n<p><img loading=\"lazy\" decoding=\"async\" class=\"size-full wp-image-12494 alignleft\" src=\"https:\/\/podential.de\/wp-content\/uploads\/2021\/11\/Logo_gs.gif\" alt=\"\" width=\"250\" height=\"250\" \/> Titel: <em><span style=\"color: #ff9800;\">Gadget Sofa<\/span><\/em><\/p>\n<p>Inhalt: Dinge, die die Welt nicht brauch aber doch irgendwie n\u00fctzlich sind.<\/p>\n<p>Status: <span style=\"color: red;\">Abgeschlossen<\/span><\/p>\n<p>Link zu den Episoden:<\/p>\n<p>&nbsp;<\/p>\n<hr \/>\n","protected":false},"excerpt":{"rendered":"<p>Die \u00dcbersicht meiner Podcastprojekte: &nbsp; Titel: agenda nocte Inhalt: Hintergrundinformationen zu aktuellen Themen, vorrangig aus &hellip; <\/p>\n","protected":false},"author":1,"featured_media":0,"parent":0,"menu_order":0,"comment_status":"closed","ping_status":"closed","template":"","meta":{"footnotes":""},"class_list":["post-219","page","type-page","status-publish","hentry"],"_links":{"self":[{"href":"https:\/\/podential.de\/news\/wp-json\/wp\/v2\/pages\/219","targetHints":{"allow":["GET"]}}],"collection":[{"href":"https:\/\/podential.de\/news\/wp-json\/wp\/v2\/pages"}],"about":[{"href":"https:\/\/podential.de\/news\/wp-json\/wp\/v2\/types\/page"}],"author":[{"embeddable":true,"href":"https:\/\/podential.de\/news\/wp-json\/wp\/v2\/users\/1"}],"replies":[{"embeddable":true,"href":"https:\/\/podential.de\/news\/wp-json\/wp\/v2\/comments?post=219"}],"version-history":[{"count":8,"href":"https:\/\/podential.de\/news\/wp-json\/wp\/v2\/pages\/219\/revisions"}],"predecessor-version":[{"id":273,"href":"https:\/\/podential.de\/news\/wp-json\/wp\/v2\/pages\/219\/revisions\/273"}],"wp:attachment":[{"href":"https:\/\/podential.de\/news\/wp-json\/wp\/v2\/media?parent=219"}],"curies":[{"name":"wp","href":"https:\/\/api.w.org\/{rel}","templated":true}]}}